{"id":10,"date":"2025-12-26T08:31:01","date_gmt":"2025-12-26T08:31:01","guid":{"rendered":"http:\/\/localhost\/wordpress\/?page_id=10"},"modified":"2025-12-31T06:17:48","modified_gmt":"2025-12-31T06:17:48","slug":"home","status":"publish","type":"page","link":"https:\/\/rkdentalpractice.com\/blog\/","title":{"rendered":"home"},"content":{"rendered":"\t\t<div data-elementor-type=\"wp-page\" data-elementor-id=\"10\" class=\"elementor elementor-10\">\n\t\t\t\t<div class=\"elementor-element elementor-element-502ed20 e-flex e-con-boxed e-con e-parent\" data-id=\"502ed20\" data-element_type=\"container\">\n\t\t\t\t\t<div class=\"e-con-inner\">\n\t\t\t\t<div class=\"elementor-element elementor-element-698e978 meta-visibility-show title_position_default title_hover_border_default title-default img_hover_animation_default meta_position_default tpg-is-author-icon-show author-image-visibility-icon readmore-btn-default-style grid-hover-overlay-type-always tpg-el-box-border-enable tpg-border-bottom-disable elementor-widget elementor-widget-tpg-grid-layout\" data-id=\"698e978\" data-element_type=\"widget\" data-widget_type=\"tpg-grid-layout.default\">\n\t\t\t\t<div class=\"elementor-widget-container\">\n\t\t\t\t\t\t\t<div class=\"rt-container-fluid rt-tpg-container tpg-el-main-wrapper clearfix grid-layout1-main \"\n\t\t\t id=\"rt-tpg-container-1246447448\"\n\t\t\t data-layout=\"grid-layout1\"\n\t\t\t data-grid-style=\"tpg-full-height\"\n\t\t\t data-sc-id=\"elementor\"\n\t\t\t data-el-settings=''\n\t\t\t data-el-query=''\n\t\t\t data-el-path=''\n\t\t>\n\t\t\t\t\t\t<div class='tpg-header-wrapper '>\n\t\t\t\t\t\t\t<\/div>\n\n\t\t\t<div data-title=\"Loading ...\" class=\"rt-row rt-content-loader grid-layout1 grid-behaviour tpg-full-height grid_layout_wrapper\">\n\t\t\t\t<div class=\"rt-col-md-4 rt-col-sm-6 rt-col-xs-12 default rt-grid-item post-517 post type-post status-publish format-standard hentry category-uncategorized entry\"        data-id=\"517\">\n    <div class=\"rt-holder tpg-post-holder \">\n        <div class=\"rt-detail rt-el-content-wrapper\">\n\t\t\t                <div class=\"rt-img-holder tpg-el-image-wrap has-no-thumbnail\">\n\t\t\t\t\t<a data-id=\"517\" href=\"https:\/\/rkdentalpractice.com\/blog\/de-basta-spelen-pa-partyspins-casino\/\" class=\"tpg-post-link\" target=\"_self\">\t\t\n\t\t<\/a>\n\t\t        <div class=\"overlay grid-hover-content\"><\/div>\n\t\t                <\/div>\n\t\t\t\n\t\t\t<div class=\"entry-title-wrapper\"><h3 class=\"entry-title\"><a data-id=\"517\" href=\"https:\/\/rkdentalpractice.com\/blog\/de-basta-spelen-pa-partyspins-casino\/\" class=\"tpg-post-link\" target=\"_self\">De B\u00e4sta Spelen p\u00e5 Partyspins Casino<\/a><\/h3><\/div>\n\t\t\t                <div class=\"post-meta-tags rt-el-post-meta\">\n\t\t\t\t\t            <span class='author '>\n\n\t\t\t\t<i class='fa fa-user '><\/i><span class='author-prefix'>By<\/span><a href=\"https:\/\/rkdentalpractice.com\/blog\/author\/admin\/\">admin<\/a>\t\t\t<\/span>\n\t\t\t            <span class='date'>\n\t\t\t\t<i class='far fa-calendar-alt '><\/i>\t\t\t\t                    <a href=\"https:\/\/rkdentalpractice.com\/blog\/2025\/04\/22\/\">\n\t\t\t\t\tApril 22, 2025\t\t\t\t<\/a>\n\t\t\t\t\t\t\t<\/span>\n\t\t\t                <\/div>\n\t\t\t\n\n\t\t\t                <div class=\"tpg-excerpt tpg-el-excerpt\">\n\t\t\t\t\t                        <div class=\"tpg-excerpt-inner\">\n\t\t\t\t\t\t\tPartyspins Casino erbjuder ett brett utbud av spelalternativ som \u00e4r b\u00e5de underh\u00e5llande och potentiellt l\u00f6nsamma. Denna guide hj\u00e4lper dig att f\u00f6rst\u00e5 de b\u00e4sta spelen och hur du kan maximera din...                        <\/div>\n\t\t\t\t\t\t\t\t\t\t                <\/div>\n\t\t\t\n\t\t\t        <div class=\"post-footer\">\n            <div class=\"post-footer\">\n                <div class=\"read-more\">\n\t\t\t\t\t<a data-id=\"517\" href=\"https:\/\/rkdentalpractice.com\/blog\/de-basta-spelen-pa-partyspins-casino\/\" class=\"tpg-post-link\" target=\"_self\">Read More<\/a>                <\/div>\n            <\/div>\n        <\/div>\n\t\t        <\/div>\n    <\/div>\n<\/div>\n<div class=\"rt-col-md-4 rt-col-sm-6 rt-col-xs-12 default rt-grid-item post-515 post type-post status-publish format-standard hentry category-uncategorized entry\"        data-id=\"515\">\n    <div class=\"rt-holder tpg-post-holder \">\n        <div class=\"rt-detail rt-el-content-wrapper\">\n\t\t\t                <div class=\"rt-img-holder tpg-el-image-wrap has-no-thumbnail\">\n\t\t\t\t\t<a data-id=\"515\" href=\"https:\/\/rkdentalpractice.com\/blog\/so-spielen-sie-live-dealer-spiele-bei-powerup-casino\/\" class=\"tpg-post-link\" target=\"_self\">\t\t\n\t\t<\/a>\n\t\t        <div class=\"overlay grid-hover-content\"><\/div>\n\t\t                <\/div>\n\t\t\t\n\t\t\t<div class=\"entry-title-wrapper\"><h3 class=\"entry-title\"><a data-id=\"515\" href=\"https:\/\/rkdentalpractice.com\/blog\/so-spielen-sie-live-dealer-spiele-bei-powerup-casino\/\" class=\"tpg-post-link\" target=\"_self\">So spielen Sie Live-Dealer-Spiele bei powerup casino<\/a><\/h3><\/div>\n\t\t\t                <div class=\"post-meta-tags rt-el-post-meta\">\n\t\t\t\t\t            <span class='author '>\n\n\t\t\t\t<i class='fa fa-user '><\/i><span class='author-prefix'>By<\/span><a href=\"https:\/\/rkdentalpractice.com\/blog\/author\/admin\/\">admin<\/a>\t\t\t<\/span>\n\t\t\t            <span class='date'>\n\t\t\t\t<i class='far fa-calendar-alt '><\/i>\t\t\t\t                    <a href=\"https:\/\/rkdentalpractice.com\/blog\/2025\/04\/22\/\">\n\t\t\t\t\tApril 22, 2025\t\t\t\t<\/a>\n\t\t\t\t\t\t\t<\/span>\n\t\t\t                <\/div>\n\t\t\t\n\n\t\t\t                <div class=\"tpg-excerpt tpg-el-excerpt\">\n\t\t\t\t\t                        <div class=\"tpg-excerpt-inner\">\n\t\t\t\t\t\t\tDas Spielen von Live-Dealer-Spielen erfreut sich zunehmender Beliebtheit und bietet Spielern die M\u00f6glichkeit, ein authentisches Casino-Erlebnis von zu Hause aus zu genie\u00dfen. In diesem Artikel werden...                        <\/div>\n\t\t\t\t\t\t\t\t\t\t                <\/div>\n\t\t\t\n\t\t\t        <div class=\"post-footer\">\n            <div class=\"post-footer\">\n                <div class=\"read-more\">\n\t\t\t\t\t<a data-id=\"515\" href=\"https:\/\/rkdentalpractice.com\/blog\/so-spielen-sie-live-dealer-spiele-bei-powerup-casino\/\" class=\"tpg-post-link\" target=\"_self\">Read More<\/a>                <\/div>\n            <\/div>\n        <\/div>\n\t\t        <\/div>\n    <\/div>\n<\/div>\n<div class=\"rt-col-md-4 rt-col-sm-6 rt-col-xs-12 default rt-grid-item post-513 post type-post status-publish format-standard hentry category-uncategorized entry\"        data-id=\"513\">\n    <div class=\"rt-holder tpg-post-holder \">\n        <div class=\"rt-detail rt-el-content-wrapper\">\n\t\t\t                <div class=\"rt-img-holder tpg-el-image-wrap has-no-thumbnail\">\n\t\t\t\t\t<a data-id=\"513\" href=\"https:\/\/rkdentalpractice.com\/blog\/what-to-know-about-cashing-out-at-pokiesurf-casino\/\" class=\"tpg-post-link\" target=\"_self\">\t\t\n\t\t<\/a>\n\t\t        <div class=\"overlay grid-hover-content\"><\/div>\n\t\t                <\/div>\n\t\t\t\n\t\t\t<div class=\"entry-title-wrapper\"><h3 class=\"entry-title\"><a data-id=\"513\" href=\"https:\/\/rkdentalpractice.com\/blog\/what-to-know-about-cashing-out-at-pokiesurf-casino\/\" class=\"tpg-post-link\" target=\"_self\">What to Know About Cashing Out at Pokiesurf Casino<\/a><\/h3><\/div>\n\t\t\t                <div class=\"post-meta-tags rt-el-post-meta\">\n\t\t\t\t\t            <span class='author '>\n\n\t\t\t\t<i class='fa fa-user '><\/i><span class='author-prefix'>By<\/span><a href=\"https:\/\/rkdentalpractice.com\/blog\/author\/admin\/\">admin<\/a>\t\t\t<\/span>\n\t\t\t            <span class='date'>\n\t\t\t\t<i class='far fa-calendar-alt '><\/i>\t\t\t\t                    <a href=\"https:\/\/rkdentalpractice.com\/blog\/2025\/04\/22\/\">\n\t\t\t\t\tApril 22, 2025\t\t\t\t<\/a>\n\t\t\t\t\t\t\t<\/span>\n\t\t\t                <\/div>\n\t\t\t\n\n\t\t\t                <div class=\"tpg-excerpt tpg-el-excerpt\">\n\t\t\t\t\t                        <div class=\"tpg-excerpt-inner\">\n\t\t\t\t\t\t\tWhen it comes to enjoying your time at Pokiesurf Casino, understanding the cash-out process can make all the difference. Whether you\u2019re a seasoned player or just starting out, knowing how to withdraw...                        <\/div>\n\t\t\t\t\t\t\t\t\t\t                <\/div>\n\t\t\t\n\t\t\t        <div class=\"post-footer\">\n            <div class=\"post-footer\">\n                <div class=\"read-more\">\n\t\t\t\t\t<a data-id=\"513\" href=\"https:\/\/rkdentalpractice.com\/blog\/what-to-know-about-cashing-out-at-pokiesurf-casino\/\" class=\"tpg-post-link\" target=\"_self\">Read More<\/a>                <\/div>\n            <\/div>\n        <\/div>\n\t\t        <\/div>\n    <\/div>\n<\/div>\n<div class=\"rt-col-md-4 rt-col-sm-6 rt-col-xs-12 default rt-grid-item post-511 post type-post status-publish format-standard hentry category-uncategorized entry\"        data-id=\"511\">\n    <div class=\"rt-holder tpg-post-holder \">\n        <div class=\"rt-detail rt-el-content-wrapper\">\n\t\t\t                <div class=\"rt-img-holder tpg-el-image-wrap has-no-thumbnail\">\n\t\t\t\t\t<a data-id=\"511\" href=\"https:\/\/rkdentalpractice.com\/blog\/verschillende-gokspellen-en-hun-populariteit-bij-piperspin-casino\/\" class=\"tpg-post-link\" target=\"_self\">\t\t\n\t\t<\/a>\n\t\t        <div class=\"overlay grid-hover-content\"><\/div>\n\t\t                <\/div>\n\t\t\t\n\t\t\t<div class=\"entry-title-wrapper\"><h3 class=\"entry-title\"><a data-id=\"511\" href=\"https:\/\/rkdentalpractice.com\/blog\/verschillende-gokspellen-en-hun-populariteit-bij-piperspin-casino\/\" class=\"tpg-post-link\" target=\"_self\">Verschillende Gokspellen en hun Populariteit bij piperspin casino<\/a><\/h3><\/div>\n\t\t\t                <div class=\"post-meta-tags rt-el-post-meta\">\n\t\t\t\t\t            <span class='author '>\n\n\t\t\t\t<i class='fa fa-user '><\/i><span class='author-prefix'>By<\/span><a href=\"https:\/\/rkdentalpractice.com\/blog\/author\/admin\/\">admin<\/a>\t\t\t<\/span>\n\t\t\t            <span class='date'>\n\t\t\t\t<i class='far fa-calendar-alt '><\/i>\t\t\t\t                    <a href=\"https:\/\/rkdentalpractice.com\/blog\/2025\/04\/22\/\">\n\t\t\t\t\tApril 22, 2025\t\t\t\t<\/a>\n\t\t\t\t\t\t\t<\/span>\n\t\t\t                <\/div>\n\t\t\t\n\n\t\t\t                <div class=\"tpg-excerpt tpg-el-excerpt\">\n\t\t\t\t\t                        <div class=\"tpg-excerpt-inner\">\n\t\t\t\t\t\t\tBij piperspin casino zijn er tal van gokspellen beschikbaar die de aandacht van spelers trekken. De populariteit van deze spellen varieert, afhankelijk van verschillende factoren zoals de...                        <\/div>\n\t\t\t\t\t\t\t\t\t\t                <\/div>\n\t\t\t\n\t\t\t        <div class=\"post-footer\">\n            <div class=\"post-footer\">\n                <div class=\"read-more\">\n\t\t\t\t\t<a data-id=\"511\" href=\"https:\/\/rkdentalpractice.com\/blog\/verschillende-gokspellen-en-hun-populariteit-bij-piperspin-casino\/\" class=\"tpg-post-link\" target=\"_self\">Read More<\/a>                <\/div>\n            <\/div>\n        <\/div>\n\t\t        <\/div>\n    <\/div>\n<\/div>\n<div class=\"rt-col-md-4 rt-col-sm-6 rt-col-xs-12 default rt-grid-item post-509 post type-post status-publish format-standard hentry category-uncategorized entry\"        data-id=\"509\">\n    <div class=\"rt-holder tpg-post-holder \">\n        <div class=\"rt-detail rt-el-content-wrapper\">\n\t\t\t                <div class=\"rt-img-holder tpg-el-image-wrap has-no-thumbnail\">\n\t\t\t\t\t<a data-id=\"509\" href=\"https:\/\/rkdentalpractice.com\/blog\/midarion-casino-bonusbedingungen-was-sie-wissen-mussen\/\" class=\"tpg-post-link\" target=\"_self\">\t\t\n\t\t<\/a>\n\t\t        <div class=\"overlay grid-hover-content\"><\/div>\n\t\t                <\/div>\n\t\t\t\n\t\t\t<div class=\"entry-title-wrapper\"><h3 class=\"entry-title\"><a data-id=\"509\" href=\"https:\/\/rkdentalpractice.com\/blog\/midarion-casino-bonusbedingungen-was-sie-wissen-mussen\/\" class=\"tpg-post-link\" target=\"_self\">midarion casino Bonusbedingungen \u2013 Was Sie wissen m\u00fcssen<\/a><\/h3><\/div>\n\t\t\t                <div class=\"post-meta-tags rt-el-post-meta\">\n\t\t\t\t\t            <span class='author '>\n\n\t\t\t\t<i class='fa fa-user '><\/i><span class='author-prefix'>By<\/span><a href=\"https:\/\/rkdentalpractice.com\/blog\/author\/admin\/\">admin<\/a>\t\t\t<\/span>\n\t\t\t            <span class='date'>\n\t\t\t\t<i class='far fa-calendar-alt '><\/i>\t\t\t\t                    <a href=\"https:\/\/rkdentalpractice.com\/blog\/2025\/04\/22\/\">\n\t\t\t\t\tApril 22, 2025\t\t\t\t<\/a>\n\t\t\t\t\t\t\t<\/span>\n\t\t\t                <\/div>\n\t\t\t\n\n\t\t\t                <div class=\"tpg-excerpt tpg-el-excerpt\">\n\t\t\t\t\t                        <div class=\"tpg-excerpt-inner\">\n\t\t\t\t\t\t\tDas midarion Casino bietet eine Vielzahl von Bonusangeboten, die sowohl neue als auch bestehende Spieler ansprechen. Doch bevor Sie sich von attraktiven Angeboten blenden lassen, sollten Sie die...                        <\/div>\n\t\t\t\t\t\t\t\t\t\t                <\/div>\n\t\t\t\n\t\t\t        <div class=\"post-footer\">\n            <div class=\"post-footer\">\n                <div class=\"read-more\">\n\t\t\t\t\t<a data-id=\"509\" href=\"https:\/\/rkdentalpractice.com\/blog\/midarion-casino-bonusbedingungen-was-sie-wissen-mussen\/\" class=\"tpg-post-link\" target=\"_self\">Read More<\/a>                <\/div>\n            <\/div>\n        <\/div>\n\t\t        <\/div>\n    <\/div>\n<\/div>\n<div class=\"rt-col-md-4 rt-col-sm-6 rt-col-xs-12 default rt-grid-item post-507 post type-post status-publish format-standard hentry category-uncategorized entry\"        data-id=\"507\">\n    <div class=\"rt-holder tpg-post-holder \">\n        <div class=\"rt-detail rt-el-content-wrapper\">\n\t\t\t                <div class=\"rt-img-holder tpg-el-image-wrap has-no-thumbnail\">\n\t\t\t\t\t<a data-id=\"507\" href=\"https:\/\/rkdentalpractice.com\/blog\/mahti-casino-turnaukset-osallistumisopas\/\" class=\"tpg-post-link\" target=\"_self\">\t\t\n\t\t<\/a>\n\t\t        <div class=\"overlay grid-hover-content\"><\/div>\n\t\t                <\/div>\n\t\t\t\n\t\t\t<div class=\"entry-title-wrapper\"><h3 class=\"entry-title\"><a data-id=\"507\" href=\"https:\/\/rkdentalpractice.com\/blog\/mahti-casino-turnaukset-osallistumisopas\/\" class=\"tpg-post-link\" target=\"_self\">Mahti Casino Turnaukset &#8211; Osallistumisopas<\/a><\/h3><\/div>\n\t\t\t                <div class=\"post-meta-tags rt-el-post-meta\">\n\t\t\t\t\t            <span class='author '>\n\n\t\t\t\t<i class='fa fa-user '><\/i><span class='author-prefix'>By<\/span><a href=\"https:\/\/rkdentalpractice.com\/blog\/author\/admin\/\">admin<\/a>\t\t\t<\/span>\n\t\t\t            <span class='date'>\n\t\t\t\t<i class='far fa-calendar-alt '><\/i>\t\t\t\t                    <a href=\"https:\/\/rkdentalpractice.com\/blog\/2025\/04\/22\/\">\n\t\t\t\t\tApril 22, 2025\t\t\t\t<\/a>\n\t\t\t\t\t\t\t<\/span>\n\t\t\t                <\/div>\n\t\t\t\n\n\t\t\t                <div class=\"tpg-excerpt tpg-el-excerpt\">\n\t\t\t\t\t                        <div class=\"tpg-excerpt-inner\">\n\t\t\t\t\t\t\tMahti Casino tarjoaa monia mahdollisuuksia turnauksiin, ja niiden osallistuminen voi olla sek\u00e4 j\u00e4nnitt\u00e4v\u00e4\u00e4 ett\u00e4 tuottoisaa. T\u00e4ss\u00e4 oppaassa k\u00e4ymme l\u00e4pi t\u00e4rkeimm\u00e4t kysymykset ja myytit, jotka liittyv\u00e4t...                        <\/div>\n\t\t\t\t\t\t\t\t\t\t                <\/div>\n\t\t\t\n\t\t\t        <div class=\"post-footer\">\n            <div class=\"post-footer\">\n                <div class=\"read-more\">\n\t\t\t\t\t<a data-id=\"507\" href=\"https:\/\/rkdentalpractice.com\/blog\/mahti-casino-turnaukset-osallistumisopas\/\" class=\"tpg-post-link\" target=\"_self\">Read More<\/a>                <\/div>\n            <\/div>\n        <\/div>\n\t\t        <\/div>\n    <\/div>\n<\/div>\n<div class=\"rt-col-md-4 rt-col-sm-6 rt-col-xs-12 default rt-grid-item post-505 post type-post status-publish format-standard hentry category-uncategorized entry\"        data-id=\"505\">\n    <div class=\"rt-holder tpg-post-holder \">\n        <div class=\"rt-detail rt-el-content-wrapper\">\n\t\t\t                <div class=\"rt-img-holder tpg-el-image-wrap has-no-thumbnail\">\n\t\t\t\t\t<a data-id=\"505\" href=\"https:\/\/rkdentalpractice.com\/blog\/makispin-casino-bonusvoorwaarden-wat-je-moet-weten\/\" class=\"tpg-post-link\" target=\"_self\">\t\t\n\t\t<\/a>\n\t\t        <div class=\"overlay grid-hover-content\"><\/div>\n\t\t                <\/div>\n\t\t\t\n\t\t\t<div class=\"entry-title-wrapper\"><h3 class=\"entry-title\"><a data-id=\"505\" href=\"https:\/\/rkdentalpractice.com\/blog\/makispin-casino-bonusvoorwaarden-wat-je-moet-weten\/\" class=\"tpg-post-link\" target=\"_self\">makispin casino Bonusvoorwaarden &#8211; Wat je Moet Weten<\/a><\/h3><\/div>\n\t\t\t                <div class=\"post-meta-tags rt-el-post-meta\">\n\t\t\t\t\t            <span class='author '>\n\n\t\t\t\t<i class='fa fa-user '><\/i><span class='author-prefix'>By<\/span><a href=\"https:\/\/rkdentalpractice.com\/blog\/author\/admin\/\">admin<\/a>\t\t\t<\/span>\n\t\t\t            <span class='date'>\n\t\t\t\t<i class='far fa-calendar-alt '><\/i>\t\t\t\t                    <a href=\"https:\/\/rkdentalpractice.com\/blog\/2025\/04\/22\/\">\n\t\t\t\t\tApril 22, 2025\t\t\t\t<\/a>\n\t\t\t\t\t\t\t<\/span>\n\t\t\t                <\/div>\n\t\t\t\n\n\t\t\t                <div class=\"tpg-excerpt tpg-el-excerpt\">\n\t\t\t\t\t                        <div class=\"tpg-excerpt-inner\">\n\t\t\t\t\t\t\tWelkom bij onze gids over de bonusvoorwaarden van Makispin Casino. Het is belangrijk om goed ge\u00efnformeerd te zijn voordat u begint met spelen. Dit artikel legt de belangrijkste aspecten uit van de...                        <\/div>\n\t\t\t\t\t\t\t\t\t\t                <\/div>\n\t\t\t\n\t\t\t        <div class=\"post-footer\">\n            <div class=\"post-footer\">\n                <div class=\"read-more\">\n\t\t\t\t\t<a data-id=\"505\" href=\"https:\/\/rkdentalpractice.com\/blog\/makispin-casino-bonusvoorwaarden-wat-je-moet-weten\/\" class=\"tpg-post-link\" target=\"_self\">Read More<\/a>                <\/div>\n            <\/div>\n        <\/div>\n\t\t        <\/div>\n    <\/div>\n<\/div>\n<div class=\"rt-col-md-4 rt-col-sm-6 rt-col-xs-12 default rt-grid-item post-503 post type-post status-publish format-standard hentry category-uncategorized entry\"        data-id=\"503\">\n    <div class=\"rt-holder tpg-post-holder \">\n        <div class=\"rt-detail rt-el-content-wrapper\">\n\t\t\t                <div class=\"rt-img-holder tpg-el-image-wrap has-no-thumbnail\">\n\t\t\t\t\t<a data-id=\"503\" href=\"https:\/\/rkdentalpractice.com\/blog\/diaphores-metaxu-koulokheredon-kai-paikhnidion-kazino-sto-magius\/\" class=\"tpg-post-link\" target=\"_self\">\t\t\n\t\t<\/a>\n\t\t        <div class=\"overlay grid-hover-content\"><\/div>\n\t\t                <\/div>\n\t\t\t\n\t\t\t<div class=\"entry-title-wrapper\"><h3 class=\"entry-title\"><a data-id=\"503\" href=\"https:\/\/rkdentalpractice.com\/blog\/diaphores-metaxu-koulokheredon-kai-paikhnidion-kazino-sto-magius\/\" class=\"tpg-post-link\" target=\"_self\">\u0394\u03b9\u03b1\u03c6\u03bf\u03c1\u03ad\u03c2 \u039c\u03b5\u03c4\u03b1\u03be\u03cd \u039a\u03bf\u03c5\u03bb\u03bf\u03c7\u03ad\u03c1\u03b7\u03b4\u03c9\u03bd \u03ba\u03b1\u03b9 \u03a0\u03b1\u03b9\u03c7\u03bd\u03b9\u03b4\u03b9\u03ce\u03bd \u039a\u03b1\u03b6\u03af\u03bd\u03bf \u03c3\u03c4\u03bf magius<\/a><\/h3><\/div>\n\t\t\t                <div class=\"post-meta-tags rt-el-post-meta\">\n\t\t\t\t\t            <span class='author '>\n\n\t\t\t\t<i class='fa fa-user '><\/i><span class='author-prefix'>By<\/span><a href=\"https:\/\/rkdentalpractice.com\/blog\/author\/admin\/\">admin<\/a>\t\t\t<\/span>\n\t\t\t            <span class='date'>\n\t\t\t\t<i class='far fa-calendar-alt '><\/i>\t\t\t\t                    <a href=\"https:\/\/rkdentalpractice.com\/blog\/2025\/04\/22\/\">\n\t\t\t\t\tApril 22, 2025\t\t\t\t<\/a>\n\t\t\t\t\t\t\t<\/span>\n\t\t\t                <\/div>\n\t\t\t\n\n\t\t\t                <div class=\"tpg-excerpt tpg-el-excerpt\">\n\t\t\t\t\t                        <div class=\"tpg-excerpt-inner\">\n\t\t\t\t\t\t\t\u0397 \u03b5\u03bc\u03c0\u03b5\u03b9\u03c1\u03af\u03b1 \u03c4\u03bf\u03c5 \u03b4\u03b9\u03b1\u03b4\u03b9\u03ba\u03c4\u03c5\u03b1\u03ba\u03bf\u03cd \u03ba\u03b1\u03b6\u03af\u03bd\u03bf \u03ad\u03c7\u03b5\u03b9 \u03b5\u03be\u03b5\u03bb\u03b9\u03c7\u03b8\u03b5\u03af \u03c3\u03b7\u03bc\u03b1\u03bd\u03c4\u03b9\u03ba\u03ac \u03c4\u03b1 \u03c4\u03b5\u03bb\u03b5\u03c5\u03c4\u03b1\u03af\u03b1 \u03c7\u03c1\u03cc\u03bd\u03b9\u03b1, \u03b9\u03b4\u03af\u03c9\u03c2 \u03c3\u03c4\u03bf\u03bd \u03c4\u03bf\u03bc\u03ad\u03b1 \u03c4\u03c9\u03bd \u03ba\u03b9\u03bd\u03b7\u03c4\u03ce\u03bd \u03c0\u03b1\u03b9\u03c7\u03bd\u03b9\u03b4\u03b9\u03ce\u03bd. \u03a3\u03c4\u03b7\u03bd \u03c0\u03bb\u03b1\u03c4\u03c6\u03cc\u03c1\u03bc\u03b1 \u03c4\u03bf\u03c5 magius, \u03bf\u03b9 \u03c0\u03b1\u03af\u03ba\u03c4\u03b5\u03c2 \u03ad\u03c7\u03bf\u03c5\u03bd \u03c4\u03b7 \u03b4\u03c5\u03bd\u03b1\u03c4\u03cc\u03c4\u03b7\u03c4\u03b1 \u03bd\u03b1 \u03b5\u03c0\u03b9\u03bb\u03ad\u03be\u03bf\u03c5\u03bd \u03b1\u03bd\u03ac\u03bc\u03b5\u03c3\u03b1...                        <\/div>\n\t\t\t\t\t\t\t\t\t\t                <\/div>\n\t\t\t\n\t\t\t        <div class=\"post-footer\">\n            <div class=\"post-footer\">\n                <div class=\"read-more\">\n\t\t\t\t\t<a data-id=\"503\" href=\"https:\/\/rkdentalpractice.com\/blog\/diaphores-metaxu-koulokheredon-kai-paikhnidion-kazino-sto-magius\/\" class=\"tpg-post-link\" target=\"_self\">Read More<\/a>                <\/div>\n            <\/div>\n        <\/div>\n\t\t        <\/div>\n    <\/div>\n<\/div>\n<div class=\"rt-col-md-4 rt-col-sm-6 rt-col-xs-12 default rt-grid-item post-501 post type-post status-publish format-standard hentry category-uncategorized entry\"        data-id=\"501\">\n    <div class=\"rt-holder tpg-post-holder \">\n        <div class=\"rt-detail rt-el-content-wrapper\">\n\t\t\t                <div class=\"rt-img-holder tpg-el-image-wrap has-no-thumbnail\">\n\t\t\t\t\t<a data-id=\"501\" href=\"https:\/\/rkdentalpractice.com\/blog\/pos-na-epilexete-ena-paikhnidi-tukhes-sto-meowzino\/\" class=\"tpg-post-link\" target=\"_self\">\t\t\n\t\t<\/a>\n\t\t        <div class=\"overlay grid-hover-content\"><\/div>\n\t\t                <\/div>\n\t\t\t\n\t\t\t<div class=\"entry-title-wrapper\"><h3 class=\"entry-title\"><a data-id=\"501\" href=\"https:\/\/rkdentalpractice.com\/blog\/pos-na-epilexete-ena-paikhnidi-tukhes-sto-meowzino\/\" class=\"tpg-post-link\" target=\"_self\">\u03a0\u03ce\u03c2 \u03bd\u03b1 \u03b5\u03c0\u03b9\u03bb\u03ad\u03be\u03b5\u03c4\u03b5 \u03ad\u03bd\u03b1 \u03c0\u03b1\u03b9\u03c7\u03bd\u03af\u03b4\u03b9 \u03c4\u03cd\u03c7\u03b7\u03c2 \u03c3\u03c4\u03bf Meowzino<\/a><\/h3><\/div>\n\t\t\t                <div class=\"post-meta-tags rt-el-post-meta\">\n\t\t\t\t\t            <span class='author '>\n\n\t\t\t\t<i class='fa fa-user '><\/i><span class='author-prefix'>By<\/span><a href=\"https:\/\/rkdentalpractice.com\/blog\/author\/admin\/\">admin<\/a>\t\t\t<\/span>\n\t\t\t            <span class='date'>\n\t\t\t\t<i class='far fa-calendar-alt '><\/i>\t\t\t\t                    <a href=\"https:\/\/rkdentalpractice.com\/blog\/2025\/04\/22\/\">\n\t\t\t\t\tApril 22, 2025\t\t\t\t<\/a>\n\t\t\t\t\t\t\t<\/span>\n\t\t\t                <\/div>\n\t\t\t\n\n\t\t\t                <div class=\"tpg-excerpt tpg-el-excerpt\">\n\t\t\t\t\t                        <div class=\"tpg-excerpt-inner\">\n\t\t\t\t\t\t\t\u0395\u03ac\u03bd \u03b5\u03af\u03c3\u03c4\u03b5 \u03bd\u03ad\u03bf\u03c2 \u03c3\u03c4\u03bf Meowzino \u03ba\u03b1\u03b9 \u03b1\u03bd\u03b1\u03b6\u03b7\u03c4\u03ac\u03c4\u03b5 \u03bd\u03b1 \u03b5\u03c0\u03b9\u03bb\u03ad\u03be\u03b5\u03c4\u03b5 \u03ad\u03bd\u03b1 \u03c0\u03b1\u03b9\u03c7\u03bd\u03af\u03b4\u03b9 \u03c4\u03cd\u03c7\u03b7\u03c2, \u03b5\u03af\u03bd\u03b1\u03b9 \u03c3\u03b7\u03bc\u03b1\u03bd\u03c4\u03b9\u03ba\u03cc \u03bd\u03b1 \u03ba\u03b1\u03c4\u03b1\u03bd\u03bf\u03ae\u03c3\u03b5\u03c4\u03b5 \u03c4\u03b1 \u03b8\u03b5\u03c4\u03b9\u03ba\u03ac \u03ba\u03b1\u03b9 \u03c4\u03b1 \u03b1\u03c1\u03bd\u03b7\u03c4\u03b9\u03ba\u03ac \u03ba\u03ac\u03b8\u03b5 \u03b5\u03c0\u03b9\u03bb\u03bf\u03b3\u03ae\u03c2. \u039c\u03b5 \u03c4\u03b7 \u03c3\u03c9\u03c3\u03c4\u03ae \u03c0\u03bb\u03b7\u03c1\u03bf\u03c6\u03cc\u03c1\u03b7\u03c3\u03b7, \u03bc\u03c0\u03bf\u03c1\u03b5\u03af\u03c4\u03b5 \u03bd\u03b1 \u03ba\u03ac\u03bd\u03b5\u03c4\u03b5 \u03bc\u03b9\u03b1...                        <\/div>\n\t\t\t\t\t\t\t\t\t\t                <\/div>\n\t\t\t\n\t\t\t        <div class=\"post-footer\">\n            <div class=\"post-footer\">\n                <div class=\"read-more\">\n\t\t\t\t\t<a data-id=\"501\" href=\"https:\/\/rkdentalpractice.com\/blog\/pos-na-epilexete-ena-paikhnidi-tukhes-sto-meowzino\/\" class=\"tpg-post-link\" target=\"_self\">Read More<\/a>                <\/div>\n            <\/div>\n        <\/div>\n\t\t        <\/div>\n    <\/div>\n<\/div>\n\t\t\t<\/div>\n\t\t\t\n\t\t<\/div>\n\t\t\t\t\t\t<\/div>\n\t\t\t\t<\/div>\n\t\t\t\t\t<\/div>\n\t\t\t\t<\/div>\n\t\t\t\t<\/div>\n\t\t","protected":false},"excerpt":{"rendered":"<p>If I Have Diabetes, Can I Still Get Dental Implants? Byadmin December 29, 2025 What Does Science Say About Diabetic Implant Safety? Research from top dental journals shows that when HbA1c stays below 8%, implant success reaches 90\u201395%, almost the same as in people without&#8230; Read More What is the dental Byadmin December 26, 2025 [&hellip;]<\/p>\n","protected":false},"author":1,"featured_media":0,"parent":0,"menu_order":0,"comment_status":"closed","ping_status":"closed","template":"elementor_header_footer","meta":{"footnotes":""},"class_list":["post-10","page","type-page","status-publish","hentry","entry"],"rttpg_featured_image_url":null,"rttpg_author":{"display_name":"admin","author_link":"https:\/\/rkdentalpractice.com\/blog\/author\/admin\/"},"rttpg_comment":0,"rttpg_category":"","rttpg_excerpt":"If I Have Diabetes, Can I Still Get Dental Implants? Byadmin December 29, 2025 What Does Science Say About Diabetic Implant Safety? Research from top dental journals shows that when HbA1c stays below 8%, implant success reaches 90\u201395%, almost the same as in people without&#8230; Read More What is the dental Byadmin December 26, 2025&hellip;","_links":{"self":[{"href":"https:\/\/rkdentalpractice.com\/blog\/wp-json\/wp\/v2\/pages\/10","targetHints":{"allow":["GET"]}}],"collection":[{"href":"https:\/\/rkdentalpractice.com\/blog\/wp-json\/wp\/v2\/pages"}],"about":[{"href":"https:\/\/rkdentalpractice.com\/blog\/wp-json\/wp\/v2\/types\/page"}],"author":[{"embeddable":true,"href":"https:\/\/rkdentalpractice.com\/blog\/wp-json\/wp\/v2\/users\/1"}],"replies":[{"embeddable":true,"href":"https:\/\/rkdentalpractice.com\/blog\/wp-json\/wp\/v2\/comments?post=10"}],"version-history":[{"count":30,"href":"https:\/\/rkdentalpractice.com\/blog\/wp-json\/wp\/v2\/pages\/10\/revisions"}],"predecessor-version":[{"id":128,"href":"https:\/\/rkdentalpractice.com\/blog\/wp-json\/wp\/v2\/pages\/10\/revisions\/128"}],"wp:attachment":[{"href":"https:\/\/rkdentalpractice.com\/blog\/wp-json\/wp\/v2\/media?parent=10"}],"curies":[{"name":"wp","href":"https:\/\/api.w.org\/{rel}","templated":true}]}}